{"id":3027,"date":"2026-02-03T17:32:30","date_gmt":"2026-02-03T16:32:30","guid":{"rendered":"https:\/\/repensandolaeducacion.alopadres.com\/?page_id=3027"},"modified":"2026-02-27T08:07:12","modified_gmt":"2026-02-27T13:07:12","slug":"edicion-especial","status":"publish","type":"page","link":"https:\/\/repensandolaeducacion.alopadres.com\/index.php\/edicion-especial\/","title":{"rendered":"Edici\u00f3n especial"},"content":{"rendered":"\t\t<div data-elementor-type=\"wp-page\" data-elementor-id=\"3027\" class=\"elementor elementor-3027\">\n\t\t\t\t<div class=\"elementor-element elementor-element-1e9acd0 e-flex e-con-boxed e-con e-parent\" data-id=\"1e9acd0\" data-element_type=\"container\" data-e-type=\"container\">\n\t\t\t\t\t<div class=\"e-con-inner\">\n\t\t\t\t<div class=\"elementor-element elementor-element-8d431a0 elementor-widget elementor-widget-text-editor\" data-id=\"8d431a0\" data-element_type=\"widget\" data-e-type=\"widget\" data-widget_type=\"text-editor.default\">\n\t\t\t\t<div class=\"elementor-widget-container\">\n\t\t\t\t\t\t\t\t\t<h4 style=\"text-align: center;\"><strong>Cuentos de Navidad<\/strong><\/h4><h4 style=\"text-align: center;\"><strong>\u00a0<\/strong><\/h4><h4 style=\"text-align: center;\"><strong>Manuel Ferrer Mu\u00f1oz<\/strong><\/h4><h4 style=\"text-align: center;\"><strong>(Coordinador)<\/strong><\/h4><p style=\"text-align: center;\"><strong>\u00a0<\/strong><\/p>\t\t\t\t\t\t\t\t<\/div>\n\t\t\t\t<\/div>\n\t\t\t\t\t<\/div>\n\t\t\t\t<\/div>\n\t\t<div class=\"elementor-element elementor-element-9007b5b e-grid e-con-boxed e-con e-parent\" data-id=\"9007b5b\" data-element_type=\"container\" data-e-type=\"container\">\n\t\t\t\t\t<div class=\"e-con-inner\">\n\t\t\t\t<div class=\"elementor-element elementor-element-50aa514 elementor-widget elementor-widget-text-editor\" data-id=\"50aa514\" data-element_type=\"widget\" data-e-type=\"widget\" data-widget_type=\"text-editor.default\">\n\t\t\t\t<div class=\"elementor-widget-container\">\n\t\t\t\t\t\t\t\t\t<h4 style=\"text-align: center;\">\u00a0<\/h4><h4><strong>\u00cdndice<\/strong><\/h4><p><strong>\u00a0<\/strong><\/p><p><strong><a href=\" https:\/\/repensandolaeducacion.alopadres.com\/index.php\/2026\/02\/03\/prologo\/ \" target=\"_blank\" rel=\"noopener\">Pr\u00f3logo\u00a0<\/a> <\/strong>Gladys Elisa Salas<\/p><p><strong><a href=\" https:\/\/repensandolaeducacion.alopadres.com\/index.php\/2026\/02\/03\/presentacion\/ \" target=\"_blank\" rel=\"noopener\"> Presentaci\u00f3n.<\/a> <\/strong>Manuel Ferrer Mu\u00f1oz<\/p><p><strong><a href=\" https:\/\/repensandolaeducacion.alopadres.com\/index.php\/category\/edicion-especial\/seniores\/\" target=\" rel=\"> S\u00e9niores <\/a><\/strong><\/p><p><strong>\u00a0<\/strong>Manuel Ferrer Mu\u00f1oz.<strong> <a href=\" https:\/\/repensandolaeducacion.alopadres.com\/index.php\/2026\/02\/12\/jacinta-la-mascota\/ \" target=\"_blank\" rel=\"noopener\"> Jacinta, la mascota <\/a><\/strong><\/p><p>Aikaterini Vergetaki Peirasmaki. <strong> <a href=\" https:\/\/repensandolaeducacion.alopadres.com\/index.php\/2026\/02\/17\/el-bosque-plateado\/\" target=\"_blank\" rel=\"noopener\"> El Bosque Plateado<\/a><\/strong><\/p><p>Manuel Ferrer Mu\u00f1oz. <strong> <a href=\" https:\/\/repensandolaeducacion.alopadres.com\/index.php\/2026\/02\/17\/una-navidad-en-calma\/\" target=\"_blank\" rel=\"noopener\">Una Navidad en calma<\/a><\/strong><\/p><p>Freddy Mondrag\u00f3n Giraldo. <strong> <a href=\" https:\/\/repensandolaeducacion.alopadres.com\/index.php\/2026\/02\/17\/pirata\/\" target=\"_blank\" rel=\"noopener\">Pirata<\/a><\/strong><\/p><p>Manuel Ferrer Mu\u00f1oz. <strong> <a href=\" https:\/\/repensandolaeducacion.alopadres.com\/index.php\/2026\/02\/17\/jesus-no-se-ha-escapado-de-la-navidad\/\" target=\"_blank\" rel=\"noopener\">Jes\u00fas no se ha escapado de la Navidad<\/a><\/strong><\/p><p>Jacqueline Murillo Garnica. <strong> <a href=\" https:\/\/repensandolaeducacion.alopadres.com\/index.php\/2026\/02\/17\/una-mascota-en-navidad\/\" target=\"_blank\" rel=\"noopener\"> Una mascota en Navidad<\/a><\/strong><\/p><p>\u00a0<\/p><p><strong><a href=\" https:\/\/repensandolaeducacion.alopadres.com\/index.php\/category\/edicion-especial\/juniores\/\" target=\" rel=\">J\u00faniores <\/a><\/strong><\/p><p><strong>\u00a0<\/strong>Lidia Mu\u00f1oz Almahano (16 a\u00f1os). <strong><a href=\" https:\/\/repensandolaeducacion.alopadres.com\/index.php\/2026\/02\/17\/todo-deseo-tiene-su-estrella\/\" target=\" rel=\"> Todo deseo tiene su estrella<\/a><\/strong><\/p><p>Josemar\u00eda Ferrer Cardona (13 a\u00f1os). <strong><a href=\" https:\/\/repensandolaeducacion.alopadres.com\/index.php\/2026\/02\/17\/la-navidad-entre-rejas\/\" target=\" rel=\">La Navidad entre rejas<\/a><\/strong><\/p><p>Paula Allo Castro (10 a\u00f1os). <strong><a href=\" https:\/\/repensandolaeducacion.alopadres.com\/index.php\/2026\/02\/17\/una-navidad-de-locos\/\" target=\" rel=\">Una Navidad de locos<\/a><\/strong><\/p><p>Juan Manuel Ferrer Cardona (10 a\u00f1os). <strong><a href=\" https:\/\/repensandolaeducacion.alopadres.com\/index.php\/2026\/02\/17\/jorge-en-una-guerra-loca\/\" target=\" rel=\">Jorge en una guerra loca<\/a><\/strong><\/p><p>Magda Antich Garc\u00eda (10 a\u00f1os). <strong><a href=\" https:\/\/repensandolaeducacion.alopadres.com\/index.php\/2026\/02\/17\/su-navidad-en-peligro\/\" target=\" rel=\">Su Navidad en peligro<\/a><\/strong><\/p><p>Jer\u00f3nimo Aguirre Morales (10 a\u00f1os). <strong><a href=\" https:\/\/repensandolaeducacion.alopadres.com\/index.php\/2026\/02\/17\/nievecito-y-galletita-en-sus-aventuras\/\" target=\" rel=\">Nievecito y Galletita en sus aventuras<\/a><\/strong><\/p><p>Giovanni Ceratto (10 a\u00f1os). <strong><a href=\" https:\/\/repensandolaeducacion.alopadres.com\/index.php\/2026\/02\/17\/una-gran-ayuda\/\" target=\" rel=\">Una gran ayuda<\/a><\/strong><\/p><p>Alberto Ferreiro Corral (8 a\u00f1os), en colaboraci\u00f3n con Tatiana Corujo Otero (52 a\u00f1os). <strong><a href=\" https:\/\/repensandolaeducacion.alopadres.com\/index.php\/2026\/02\/17\/el-perro-rapero\/\" target=\" rel=\">El perro rapero<\/a><\/strong><\/p><p>Lucia Ceratto (8 a\u00f1os). <strong><a href=\" https:\/\/repensandolaeducacion.alopadres.com\/index.php\/2026\/02\/17\/ovejas-que-hablan-de-jesus\/\" target=\" rel=\">Ovejas que hablan de Jes\u00fas<\/a><\/strong><\/p>\t\t\t\t\t\t\t\t<\/div>\n\t\t\t\t<\/div>\n\t\t\t\t<div class=\"elementor-element elementor-element-d288970 elementor-widget elementor-widget-image\" data-id=\"d288970\" data-element_type=\"widget\" data-e-type=\"widget\" data-widget_type=\"image.default\">\n\t\t\t\t<div class=\"elementor-widget-container\">\n\t\t\t\t\t\t\t\t\t\t\t\t\t\t\t<img fetchpriority=\"high\" decoding=\"async\" width=\"1414\" height=\"2000\" src=\"https:\/\/repensandolaeducacion.alopadres.com\/wp-content\/uploads\/2026\/02\/Edicion-especial-2026.jpg\" class=\"attachment-full size-full wp-image-3158\" alt=\"\" srcset=\"https:\/\/repensandolaeducacion.alopadres.com\/wp-content\/uploads\/2026\/02\/Edicion-especial-2026.jpg 1414w, https:\/\/repensandolaeducacion.alopadres.com\/wp-content\/uploads\/2026\/02\/Edicion-especial-2026-212x300.jpg 212w, https:\/\/repensandolaeducacion.alopadres.com\/wp-content\/uploads\/2026\/02\/Edicion-especial-2026-724x1024.jpg 724w, https:\/\/repensandolaeducacion.alopadres.com\/wp-content\/uploads\/2026\/02\/Edicion-especial-2026-768x1086.jpg 768w, https:\/\/repensandolaeducacion.alopadres.com\/wp-content\/uploads\/2026\/02\/Edicion-especial-2026-1086x1536.jpg 1086w\" sizes=\"(max-width: 1414px) 100vw, 1414px\" \/>\t\t\t\t\t\t\t\t\t\t\t\t\t\t\t<\/div>\n\t\t\t\t<\/div>\n\t\t\t\t<div class=\"elementor-element elementor-element-783dedd elementor-align-center elementor-widget elementor-widget-button\" data-id=\"783dedd\" data-element_type=\"widget\" data-e-type=\"widget\" data-widget_type=\"button.default\">\n\t\t\t\t<div class=\"elementor-widget-container\">\n\t\t\t\t\t\t\t\t\t<div class=\"elementor-button-wrapper\">\n\t\t\t\t\t<a class=\"elementor-button elementor-button-link elementor-size-sm\" href=\"https:\/\/repensandolaeducacion.alopadres.com\/?sdm_process_download=1&#038;download_id=3534\">\n\t\t\t\t\t\t<span class=\"elementor-button-content-wrapper\">\n\t\t\t\t\t\t\t\t\t<span class=\"elementor-button-text\">Descarga el libro aqu\u00ed<\/span>\n\t\t\t\t\t<\/span>\n\t\t\t\t\t<\/a>\n\t\t\t\t<\/div>\n\t\t\t\t\t\t\t\t<\/div>\n\t\t\t\t<\/div>\n\t\t\t\t\t<\/div>\n\t\t\t\t<\/div>\n\t\t\t\t<\/div>\n\t\t","protected":false},"excerpt":{"rendered":"<p>Cuentos de Navidad \u00a0 Manuel Ferrer Mu\u00f1oz (Coordinador) \u00a0 \u00a0 \u00cdndice \u00a0 Pr\u00f3logo\u00a0 Gladys Elisa Salas Presentaci\u00f3n. Manuel Ferrer Mu\u00f1oz S\u00e9niores \u00a0Manuel Ferrer Mu\u00f1oz. Jacinta, la mascota Aikaterini Vergetaki Peirasmaki. El Bosque Plateado Manuel Ferrer Mu\u00f1oz. Una Navidad en calma Freddy Mondrag\u00f3n Giraldo. Pirata Manuel Ferrer Mu\u00f1oz. Jes\u00fas no se ha escapado de la Navidad [&hellip;]<\/p>\n","protected":false},"author":1,"featured_media":0,"parent":0,"menu_order":0,"comment_status":"closed","ping_status":"closed","template":"elementor_header_footer","meta":{"sb_editor_width":"","footnotes":""},"coauthors":[52],"class_list":["post-3027","page","type-page","status-publish","hentry"],"relative_dates":{"created":"2 meses ago","modified":"2 meses ago"},"jetpack-related-posts":[{"id":843,"url":"https:\/\/repensandolaeducacion.alopadres.com\/index.php\/edicion-15\/","url_meta":{"origin":3027,"position":0},"title":"Edici\u00f3n 15","author":"repensando","date":"1 de abril de 2023","format":false,"excerpt":"REVISTA DIGITAL REPENSANDO LA EDUCACI\u00d3NISSN: 2744-8754 (En l\u00ednea) Edici\u00f3n 15 Cota, ColombiaAbril-mayo de 2023DIRECCI\u00d3N GENERALGladys Elisa Salas CDIRECCI\u00d3N EDITORIALGladys Elisa Salas Cgladys.salas.c@gmail.comCORRECCI\u00d3N DE ESTILOElisa Stephania AlvaradoDISE\u00d1O GR\u00c1FICOGladys SalasFOTOSAplicaci\u00f3n Canva, y algunas facilitadas por los colaboradores.La Revista REPENSANDO LA EDUCACI\u00d3N no hace necesariamente suyas las opiniones y criterios expresados por sus\u2026","rel":"","context":"Entrada similar","block_context":{"text":"Entrada similar","link":""},"img":{"alt_text":"","src":"https:\/\/i0.wp.com\/repensandolaeducacion.alopadres.com\/wp-content\/uploads\/2023\/11\/Revista_RLE15.jpg?resize=350%2C200&ssl=1","width":350,"height":200,"srcset":"https:\/\/i0.wp.com\/repensandolaeducacion.alopadres.com\/wp-content\/uploads\/2023\/11\/Revista_RLE15.jpg?resize=350%2C200&ssl=1 1x, https:\/\/i0.wp.com\/repensandolaeducacion.alopadres.com\/wp-content\/uploads\/2023\/11\/Revista_RLE15.jpg?resize=525%2C300&ssl=1 1.5x, https:\/\/i0.wp.com\/repensandolaeducacion.alopadres.com\/wp-content\/uploads\/2023\/11\/Revista_RLE15.jpg?resize=700%2C400&ssl=1 2x, https:\/\/i0.wp.com\/repensandolaeducacion.alopadres.com\/wp-content\/uploads\/2023\/11\/Revista_RLE15.jpg?resize=1050%2C600&ssl=1 3x, https:\/\/i0.wp.com\/repensandolaeducacion.alopadres.com\/wp-content\/uploads\/2023\/11\/Revista_RLE15.jpg?resize=1400%2C800&ssl=1 4x"},"classes":[]}],"jetpack_sharing_enabled":true,"_links":{"self":[{"href":"https:\/\/repensandolaeducacion.alopadres.com\/index.php\/wp-json\/wp\/v2\/pages\/3027","targetHints":{"allow":["GET"]}}],"collection":[{"href":"https:\/\/repensandolaeducacion.alopadres.com\/index.php\/wp-json\/wp\/v2\/pages"}],"about":[{"href":"https:\/\/repensandolaeducacion.alopadres.com\/index.php\/wp-json\/wp\/v2\/types\/page"}],"author":[{"embeddable":true,"href":"https:\/\/repensandolaeducacion.alopadres.com\/index.php\/wp-json\/wp\/v2\/users\/1"}],"replies":[{"embeddable":true,"href":"https:\/\/repensandolaeducacion.alopadres.com\/index.php\/wp-json\/wp\/v2\/comments?post=3027"}],"version-history":[{"count":106,"href":"https:\/\/repensandolaeducacion.alopadres.com\/index.php\/wp-json\/wp\/v2\/pages\/3027\/revisions"}],"predecessor-version":[{"id":3562,"href":"https:\/\/repensandolaeducacion.alopadres.com\/index.php\/wp-json\/wp\/v2\/pages\/3027\/revisions\/3562"}],"wp:attachment":[{"href":"https:\/\/repensandolaeducacion.alopadres.com\/index.php\/wp-json\/wp\/v2\/media?parent=3027"}],"wp:term":[{"taxonomy":"author","embeddable":true,"href":"https:\/\/repensandolaeducacion.alopadres.com\/index.php\/wp-json\/wp\/v2\/coauthors?post=3027"}],"curies":[{"name":"wp","href":"https:\/\/api.w.org\/{rel}","templated":true}]}}